{"id":7,"date":"2021-01-29T23:44:03","date_gmt":"2021-01-29T22:44:03","guid":{"rendered":"http:\/\/192.168.178.65\/wordpress\/?page_id=7"},"modified":"2021-02-02T14:19:07","modified_gmt":"2021-02-02T13:19:07","slug":"kontakt","status":"publish","type":"page","link":"https:\/\/arnodell.hopto.org\/wordpress\/index.php\/kontakt\/","title":{"rendered":"Kontakt"},"content":{"rendered":"\n<p>Arno Waschk<\/p>\n\n\n\n<p>Gubener Str. 44<br>10243 Berlin<br>Germany<\/p>\n\n\n\n<p>+49 172 314 96 05<br>arno@arnowaschk.de<\/p>\n\n\n\n<p style=\"font-size:12px\">Messengers: Facebook WhatsApp Signal Telegram WeChat  <\/p>\n\n\n\n<p><\/p>\n\n\n\n<p><\/p>\n\n\n\n<h1 class=\"wp-block-heading\" style=\"font-size:18px\">Impressum<\/h1>\n\n\n\n<p>Arno Waschk<br>Gubener Stra\u00dfe 44<br>10243 Berlin<br>Tel: +491723149605<br><a href=\"mailto:arno@arnowaschk.de\">arno@arnowaschk.de<\/a><\/p>\n\n\n\n<p><strong>Umsatzsteuer-ID:<\/strong><br>Umsatzsteuer-Identifikationsnummer nach \u00a727a Umsatzsteuergesetz:<br>DE286106228<\/p>\n\n\n\n<p><\/p>\n\n\n\n<p><\/p>\n\n\n\n<p><\/p>\n\n\n\n<h1 class=\"wp-block-heading\" style=\"font-size:19px\">Rechtliche Hinweise<\/h1>\n\n\n\n<p class=\"has-small-font-size\"><strong>Auskunfts- und Widerrufsrecht<\/strong><\/p>\n\n\n\n<p class=\"has-small-font-size\">Sie haben jederzeit das Recht, sich unentgeltlich und unverz\u00fcglich \u00fcber die zu Ihrer Person erhobenen Daten zu erkundigen. Ebenfalls k\u00f6nnen Sie Ihre Zustimmung zur Verwendung Ihrer angegebenen pers\u00f6nlichen Daten mit Wirkung f\u00fcr die Zukunft widerrufen. Hierf\u00fcr wenden Sie sich bitte an den im Impressum angegebenen Kontakt.<\/p>\n\n\n\n<p class=\"has-small-font-size\"><strong>Datenschutz (allgemein)<\/strong><\/p>\n\n\n\n<p class=\"has-small-font-size\">Beim Zugriff auf unsere Webseite werden m\u00f6glicherweise automatisch allgemeine Informationen (sog. Server-Logfiles) erfasst. Diese k\u00f6nnen u.a. den von Ihnen verwendeten Webbrowser sowie Ihr Betriebssystem und Ihren Internet Service Provider beinhalten. Diese Daten lassen keinerlei R\u00fcckschl\u00fcsse auf Ihre Person zu und werden von uns m\u00f6glicherweise statistisch ausgewertet, um unseren Internetauftritt inhaltlich und technisch zu verbessern. Das Erfassen dieser Informationen ist notwendig, um den Inhalt der Webseite korrekt ausliefern zu k\u00f6nnen.<\/p>\n\n\n\n<p class=\"has-small-font-size\">Die Nutzung der Webseite ist grunds\u00e4tzlich ohne Angabe personenbezogener Daten m\u00f6glich. Soweit personenbezogene Daten (beispielsweise Name, Anschrift oder E-Mail-Adressen) erhoben werden, erfolgt dies, soweit m\u00f6glich, stets auf freiwilliger Basis. Diese Daten werden ohne Ihre ausdr\u00fcckliche Zustimmung nicht an Dritte weitergegeben.<\/p>\n\n\n\n<p class=\"has-small-font-size\">Wir erheben, verarbeiten und nutzen personenbezogene Daten soweit dies erforderlich ist, um Ihnen die Inanspruchnahme des Webangebots zu erm\u00f6glichen (Nutzungsdaten). S\u00e4mtliche personenbezogenen Daten werden nur solange gespeichert wie dies f\u00fcr den genannten Zweck (Bearbeitung Ihrer Anfrage oder Abwicklung eines Vertrags) erforderlich ist. Hierbei werden steuer- und handelsrechtliche Aufbewahrungsfristen von uns ber\u00fccksichtigt. Auf Anordnung der zust\u00e4ndigen Stellen m\u00fcssen wir laut Gesetz im Einzelfall Auskunft \u00fcber diese Daten (Bestandsdaten) erteilen, soweit dies f\u00fcr Zwecke der Strafverfolgung, zur Gefahrenabwehr, zur Erf\u00fcllung der gesetzlichen Aufgaben der Verfassungsschutzbeh\u00f6rden oder des Milit\u00e4rischen Abschirmdienstes oder zur Durchsetzung der Rechte am geistigen Eigentum erforderlich ist.<\/p>\n\n\n\n<p class=\"has-small-font-size\">Die Daten\u00fcbertragung im Internet (u. a. bei der Kommunikation per E-Mail) kann Sicherheitsl\u00fccken aufweisen. Vor dem Zugriff auf Daten kann daher nicht l\u00fcckenlos gesch\u00fctzt werden.<\/p>\n\n\n\n<p class=\"has-small-font-size\">Die Nutzung von im Rahmen der Impressumspflicht ver\u00f6ffentlichten Kontaktdaten durch Dritte zur \u00dcbersendung von nicht ausdr\u00fccklich angeforderter Werbung und Informationsmaterialien wird hiermit ausdr\u00fccklich untersagt. Ausgenommen hiervon sind bestehende Gesch\u00e4ftsbeziehungen bzw. falls Ihnen eine entsprechende Einwilligung von uns vorliegt.<\/p>\n\n\n\n<p class=\"has-small-font-size\">Die Anbieter und alle auf dieser Website genannten Dritten behalten sich ausdr\u00fccklich rechtliche Schritte im Falle der unverlangten Zusendung von Werbeinformationen vor. Gleiches gilt f\u00fcr die kommerzielle Verwendung und Weitergabe der Daten.<\/p>\n\n\n\n<p class=\"has-small-font-size\"><strong>Datenschutz (Kommentare)<\/strong><\/p>\n\n\n\n<p class=\"has-small-font-size\">Im Rahmen der Kommentarfunktion unseres Blogs erheben wir personenbezogene Daten (z. B. Name, E-Mail) im Rahmen Ihrer Kommentierung zu einem Beitrag nur in dem Umfang wie Sie ihn uns mitgeteilt haben. Bei der Ver\u00f6ffentlichung eines Kommentars wird die von Ihnen angegebene Email-Adresse gespeichert, aber nicht ver\u00f6ffentlicht. Ihr angegebener Name wird ver\u00f6ffentlich. Sie k\u00f6nnen auch ein Pseudonym benutzen.<\/p>\n\n\n\n<p class=\"has-small-font-size\"><strong>Datenschutzerkl\u00e4rung Facebook-Plugins (Like\/ Gef\u00e4llt mir-Button etc.)<\/strong><\/p>\n\n\n\n<p class=\"has-small-font-size\">Auf dieser Website sind eventuell Plugins des Social-Media-Anbieters Facebook.com (f\u00fcr Europa: Facebook Irland Limited, 4 Grand Canal Square, Dublin 2, Ireland; f\u00fcr die USA: Facebook Inc., 1601 Willow Road, Menlo Park, CA 94025, USA), implementiert. Eine \u00dcbersicht der Facebook-Plugins finden Sie hier: <a rel=\"noreferrer noopener\" target=\"_blank\" href=\"https:\/\/developers.facebook.com\/docs\/plugins\/\">https:\/\/developers.facebook.com\/docs\/plugins\/<\/a>.<\/p>\n\n\n\n<p class=\"has-small-font-size\">Durch Ihren Besuch auf Seiten mit Facebook-Plugins, wird durch das Plugin eine Verbindung zwischen Ihrem Browser und einem Server von Facebook hergestellt. Hierdurch erh\u00e4lt Facebook Informationen zu Ihrer IP-Adresse und dem Besuch auf unserer Website.<\/p>\n\n\n\n<p class=\"has-small-font-size\">Durch Anklicken der Facebook-Plugins gelangen Sie zum Login-Bereich von Facebook. Bereits eingeloggte Facebook-Nutzer k\u00f6nnen sofort Inhalte unserer Website auf ihren Facebook-Profilen ver\u00f6ffentlichen. Infolge der Nutzung dieser Plugins kann Facebook den Besuch unserer Website Ihrem pers\u00f6nlichen Benutzerkonto zuordnen. Wir weisen ausdr\u00fccklich darauf hin, dass wir als Anbieter dieser Internetseiten keine Kenntnis vom Inhalt der \u00fcbermittelten Daten sowie deren Nutzung durch Facebook erhalten. Weitere Informationen zum Datenschutz durch Facebook erhalten Sie unter: <a target=\"_blank\" href=\"https:\/\/de-de.facebook.com\/policy.php\" rel=\"noreferrer noopener\">https:\/\/de-de.facebook.com\/policy.php<\/a>.<\/p>\n\n\n\n<p class=\"has-small-font-size\">Um eine Zuordnung durch Facebook zwischen Ihrem Besuch auf unserer Website zu Ihrem Benutzerkonto zu verhindern, m\u00fcssen Sie sich aus Ihrem Facebook-Account ausloggen.<\/p>\n\n\n\n<p class=\"has-small-font-size\"><strong>Datenschutzerkl\u00e4rung Twitter<\/strong><\/p>\n\n\n\n<p class=\"has-small-font-size\">Auf dieser Seite sind m\u00f6glicherweise Plugins des Messengerdienstes Twitter (Twitter Inc., 1355 Market Street, Suite 900, San Francisco, CA 94103, USA) implementiert. Durch das Nutzen des Plugins werden die von Ihnen besuchten Websites mit Ihrem Twitter-Profil verkn\u00fcpft und ver\u00f6ffentlicht. Hierbei werden auch Daten an Twitter \u00fcbertragen. Wir weisen ausdr\u00fccklich darauf hin, dass wir als Anbieter dieser Internetseiten keine Kenntnis vom Inhalt der \u00fcbermittelten Daten sowie deren Nutzung durch Twitter erhalten. Weitere Informationen zum Datenschutz durch Twitter erhalten Sie unter: <a rel=\"noreferrer noopener\" href=\"https:\/\/twitter.com\/privacy\" target=\"_blank\">https:\/\/twitter.com\/privacy<\/a>.<\/p>\n\n\n\n<p class=\"has-small-font-size\">Die Datenschutzeinstellungen von Twitter k\u00f6nnen Sie wenn gew\u00fcnscht in Ihrem Twitter-Account \u00e4ndern: <a rel=\"noreferrer noopener\" href=\"https:\/\/twitter.com\/login?redirect_after_login=%2Faccount%2Fsettings\" target=\"_blank\">https:\/\/twitter.com\/login?redirect_after_login=%2Faccount%2Fsettings<\/a><\/p>\n\n\n\n<p class=\"has-small-font-size\"><strong>Disclaimer (Haftungsausschluss)<\/strong><\/p>\n\n\n\n<p class=\"has-small-font-size\"><strong>1. Haftung f\u00fcr Inhalte<\/strong><\/p>\n\n\n\n<p class=\"has-small-font-size\">Als Diensteanbieter sind wir gem\u00e4\u00df \u00a7 7 Abs. 1 TMG f\u00fcr eigene Inhalte auf diesen Seiten nach den allgemeinen Gesetzen verantwortlich. Nach \u00a7\u00a7 8 bis 10 TMG sind wir als Diensteanbieter jedoch nicht verpflichtet, \u00fcbermittelte oder gespeicherte fremde Informationen zu \u00fcberwachen oder nach Umst\u00e4nden zu forschen, die auf eine rechtswidrige T\u00e4tigkeit hinweisen. Verpflichtungen zur Entfernung oder Sperrung der Nutzung von Informationen nach den allgemeinen Gesetzen bleiben hiervon unber\u00fchrt. Eine diesbez\u00fcgliche Haftung ist jedoch erst ab dem Zeitpunkt der Kenntnis einer konkreten Rechtsverletzung m\u00f6glich. Bei Bekanntwerden von entsprechenden Rechtsverletzungen werden wir diese Inhalte umgehend entfernen.<\/p>\n\n\n\n<p class=\"has-small-font-size\"><strong>Links<\/strong><\/p>\n\n\n\n<p class=\"has-small-font-size\">Diese Website enth\u00e4lt m\u00f6glicherweise Links zu externen Webseiten Dritter, auf deren Inhalte kein Einfluss genommen werden kann. Deshalb kann f\u00fcr diese fremden Inhalte auch keine Gew\u00e4hr \u00fcbernommen werden. F\u00fcr die Inhalte der verlinkten Seiten ist stets der jeweilige Anbieter oder Betreiber der Seiten verantwortlich. Die verlinkten Seiten wurden zum Zeitpunkt der Verlinkung auf m\u00f6gliche Rechtsverst\u00f6\u00dfe \u00fcberpr\u00fcft. Rechtswidrige Inhalte waren zum Zeitpunkt der Verlinkung nicht erkennbar. Eine dauerhafte inhaltliche Kontrolle der verlinkten Seiten ist ohne konkrete Anhaltspunkte einer Rechtsverletzung nicht zumutbar. Bei Bekanntwerden von Rechtsverletzungen werden wir entsprechende Links umgehend von dieser Website entfernen.<\/p>\n\n\n\n<p class=\"has-small-font-size\"><strong>Urheberrecht<\/strong><\/p>\n\n\n\n<p class=\"has-small-font-size\">Die Inhalte und Werke auf diesen Seiten unterliegen dem deutschen Urheberrecht. Die Vervielf\u00e4ltigung, Bearbeitung, Verbreitung und jede Art der Verwertung au\u00dferhalb der Grenzen des Urheberrechtes bed\u00fcrfen der vorherigen schriftlichen Zustimmung des jeweiligen Autors bzw. Erstellers. Downloads und Kopien dieser Seite sind nur f\u00fcr den privaten, nicht kommerziellen Gebrauch gestattet. Soweit die Inhalte auf dieser Seite nicht vom Betreiber erstellt wurden, wurden die Urheberrechte Dritter beachtet und als solche gekennzeichnet. Sollten Sie trotzdem auf eine Urheberrechtsverletzung aufmerksam werden, bitten wir um einen entsprechenden Hinweis. Bei Bekanntwerden von Rechtsverletzungen werden wir solche Inhalte umgehend entfernen.<\/p>\n\n\n\n<p><\/p>\n","protected":false},"excerpt":{"rendered":"<p>Arno Waschk Gubener Str. 4410243 BerlinGermany +49 172 314 96 05arno@arnowaschk.de Messengers: Facebook WhatsApp Signal Telegram WeChat Impressum Arno WaschkGubener Stra\u00dfe 4410243 BerlinTel: +491723149605arno@arnowaschk.de Umsatzsteuer-ID:Umsatzsteuer-Identifikationsnummer &hellip; <\/p>\n","protected":false},"author":1,"featured_media":0,"parent":0,"menu_order":0,"comment_status":"closed","ping_status":"closed","template":"","meta":{"footnotes":""},"class_list":["post-7","page","type-page","status-publish","hentry"],"_links":{"self":[{"href":"https:\/\/arnodell.hopto.org\/wordpress\/index.php\/wp-json\/wp\/v2\/pages\/7","targetHints":{"allow":["GET"]}}],"collection":[{"href":"https:\/\/arnodell.hopto.org\/wordpress\/index.php\/wp-json\/wp\/v2\/pages"}],"about":[{"href":"https:\/\/arnodell.hopto.org\/wordpress\/index.php\/wp-json\/wp\/v2\/types\/page"}],"author":[{"embeddable":true,"href":"https:\/\/arnodell.hopto.org\/wordpress\/index.php\/wp-json\/wp\/v2\/users\/1"}],"replies":[{"embeddable":true,"href":"https:\/\/arnodell.hopto.org\/wordpress\/index.php\/wp-json\/wp\/v2\/comments?post=7"}],"version-history":[{"count":5,"href":"https:\/\/arnodell.hopto.org\/wordpress\/index.php\/wp-json\/wp\/v2\/pages\/7\/revisions"}],"predecessor-version":[{"id":96,"href":"https:\/\/arnodell.hopto.org\/wordpress\/index.php\/wp-json\/wp\/v2\/pages\/7\/revisions\/96"}],"wp:attachment":[{"href":"https:\/\/arnodell.hopto.org\/wordpress\/index.php\/wp-json\/wp\/v2\/media?parent=7"}],"curies":[{"name":"wp","href":"https:\/\/api.w.org\/{rel}","templated":true}]}}